{"id":6121,"date":"2021-03-31T09:54:56","date_gmt":"2021-03-31T07:54:56","guid":{"rendered":"http:\/\/dfqggnz.cluster026.hosting.ovh.net\/?page_id=6121"},"modified":"2026-01-12T13:20:24","modified_gmt":"2026-01-12T12:20:24","slug":"nos-partenaires","status":"publish","type":"page","link":"https:\/\/www.capsauto.fr\/index.php\/nos-partenaires\/","title":{"rendered":"Nos partenaires"},"content":{"rendered":"\t\t<div data-elementor-type=\"wp-page\" data-elementor-id=\"6121\" class=\"elementor elementor-6121\" data-elementor-settings=\"[]\">\n\t\t\t\t\t\t\t<div class=\"elementor-section-wrap\">\n\t\t\t\t\t\t\t<section class=\"elementor-section elementor-top-section elementor-element elementor-element-97ab58d elementor-section-boxed elementor-section-height-default elementor-section-height-default\" data-id=\"97ab58d\" data-element_type=\"section\" data-settings=\"{&quot;background_background&quot;:&quot;classic&quot;}\">\n\t\t\t\t\t\t\t<div class=\"elementor-background-overlay\"><\/div>\n\t\t\t\t\t\t\t<div class=\"elementor-container elementor-column-gap-no\">\n\t\t\t\t\t<div class=\"elementor-column elementor-col-16 elementor-top-column elementor-element elementor-element-fded08f\" data-id=\"fded08f\" data-element_type=\"column\">\n\t\t\t<div class=\"elementor-widget-wrap\">\n\t\t\t\t\t\t\t\t\t<\/div>\n\t\t<\/div>\n\t\t\t\t<div class=\"elementor-column elementor-col-66 elementor-top-column elementor-element elementor-element-8829eec\" data-id=\"8829eec\" data-element_type=\"column\">\n\t\t\t<div class=\"elementor-widget-wrap elementor-element-populated\">\n\t\t\t\t\t\t\t\t<div class=\"elementor-element elementor-element-1deaedb elementor-widget elementor-widget-heading\" data-id=\"1deaedb\" data-element_type=\"widget\" data-widget_type=\"heading.default\">\n\t\t\t\t<div class=\"elementor-widget-container\">\n\t\t\t<h1 class=\"elementor-heading-title elementor-size-default\">Nos partenaires<\/h1>\t\t<\/div>\n\t\t\t\t<\/div>\n\t\t\t\t<div class=\"elementor-element elementor-element-8dfd74e elementor-widget elementor-widget-heading\" data-id=\"8dfd74e\" data-element_type=\"widget\" data-widget_type=\"heading.default\">\n\t\t\t\t<div class=\"elementor-widget-container\">\n\t\t\t<h3 class=\"elementor-heading-title elementor-size-default\">CapsAuto : un apporteur de solutions au quotidien<\/h3>\t\t<\/div>\n\t\t\t\t<\/div>\n\t\t\t\t\t<\/div>\n\t\t<\/div>\n\t\t\t\t<div class=\"elementor-column elementor-col-16 elementor-top-column elementor-element elementor-element-4a8462d\" data-id=\"4a8462d\" data-element_type=\"column\">\n\t\t\t<div class=\"elementor-widget-wrap\">\n\t\t\t\t\t\t\t\t\t<\/div>\n\t\t<\/div>\n\t\t\t\t\t\t\t<\/div>\n\t\t<\/section>\n\t\t\t\t<section class=\"elementor-section elementor-top-section elementor-element elementor-element-1c3d302 elementor-section-content-middle elementor-section-boxed elementor-section-height-default elementor-section-height-default\" data-id=\"1c3d302\" data-element_type=\"section\" id=\"get-started\">\n\t\t\t\t\t\t<div class=\"elementor-container elementor-column-gap-wider\">\n\t\t\t\t\t<div class=\"elementor-column elementor-col-50 elementor-top-column elementor-element elementor-element-826c5a4\" data-id=\"826c5a4\" data-element_type=\"column\">\n\t\t\t<div class=\"elementor-widget-wrap elementor-element-populated\">\n\t\t\t\t\t\t\t\t<div class=\"elementor-element elementor-element-f5e44e5 elementor-widget elementor-widget-image\" data-id=\"f5e44e5\" data-element_type=\"widget\" data-widget_type=\"image.default\">\n\t\t\t\t<div class=\"elementor-widget-container\">\n\t\t\t\t\t\t\t\t\t\t\t\t\t\t\t<img width=\"975\" height=\"800\" src=\"https:\/\/www.capsauto.fr\/wp-content\/uploads\/2021\/04\/prestataires.jpg\" class=\"attachment-full size-full\" alt=\"prestataires\" loading=\"lazy\" srcset=\"https:\/\/www.capsauto.fr\/wp-content\/uploads\/2021\/04\/prestataires.jpg 975w, https:\/\/www.capsauto.fr\/wp-content\/uploads\/2021\/04\/prestataires-300x246.jpg 300w, https:\/\/www.capsauto.fr\/wp-content\/uploads\/2021\/04\/prestataires-768x630.jpg 768w\" sizes=\"(max-width: 975px) 100vw, 975px\" \/>\t\t\t\t\t\t\t\t\t\t\t\t\t\t\t<\/div>\n\t\t\t\t<\/div>\n\t\t\t\t\t<\/div>\n\t\t<\/div>\n\t\t\t\t<div class=\"elementor-column elementor-col-50 elementor-top-column elementor-element elementor-element-66d46d3\" data-id=\"66d46d3\" data-element_type=\"column\">\n\t\t\t<div class=\"elementor-widget-wrap elementor-element-populated\">\n\t\t\t\t\t\t\t\t<div class=\"elementor-element elementor-element-03ce387 elementor-widget elementor-widget-heading\" data-id=\"03ce387\" data-element_type=\"widget\" data-widget_type=\"heading.default\">\n\t\t\t\t<div class=\"elementor-widget-container\">\n\t\t\t<h2 class=\"elementor-heading-title elementor-size-default\">Plus qu'un apporteur d'affaires... CapsAuto se veut avant tout un v\u00e9ritable partenaire pour ses r\u00e9seaux de prestataires<\/h2>\t\t<\/div>\n\t\t\t\t<\/div>\n\t\t\t\t<div class=\"elementor-element elementor-element-f4aed82 elementor-widget elementor-widget-text-editor\" data-id=\"f4aed82\" data-element_type=\"widget\" data-widget_type=\"text-editor.default\">\n\t\t\t\t<div class=\"elementor-widget-container\">\n\t\t\t\t\t\t\t<p>Depuis\u00a0plus de 10 ans, CapsAuto s&#8217;\u00e9vertue \u00e0 entretenir avec son r\u00e9seau de prestataires une v\u00e9ritable relation de partenariat. Une philosophie qui se traduit au quotidien par le d\u00e9sir d&#8217;aider son r\u00e9seau \u00e0 se d\u00e9velopper et \u00e0 se structurer&#8230;\u00a0<strong>dans un seul objectif : la satisfaction clients<\/strong>.<\/p>\t\t\t\t\t\t<\/div>\n\t\t\t\t<\/div>\n\t\t\t\t\t<\/div>\n\t\t<\/div>\n\t\t\t\t\t\t\t<\/div>\n\t\t<\/section>\n\t\t\t\t<section class=\"elementor-section elementor-top-section elementor-element elementor-element-fea7701 elementor-section-content-middle elementor-section-boxed elementor-section-height-default elementor-section-height-default\" data-id=\"fea7701\" data-element_type=\"section\">\n\t\t\t\t\t\t<div class=\"elementor-container elementor-column-gap-wider\">\n\t\t\t\t\t<div class=\"elementor-column elementor-col-100 elementor-top-column elementor-element elementor-element-e6792f4\" data-id=\"e6792f4\" data-element_type=\"column\">\n\t\t\t<div class=\"elementor-widget-wrap elementor-element-populated\">\n\t\t\t\t\t\t\t\t<div class=\"elementor-element elementor-element-016fb5b elementor-widget elementor-widget-text-editor\" data-id=\"016fb5b\" data-element_type=\"widget\" data-widget_type=\"text-editor.default\">\n\t\t\t\t<div class=\"elementor-widget-container\">\n\t\t\t\t\t\t\t<p><span>En apportant des solutions\u00a0et des conditions exclusives \u00e0 travers\u00a0des partenariats avec des entreprises et\/ou organismes, CapsAuto permet aux prestataires automobiles d&#8217;acc\u00e9der \u00e0 des offres exclusives et privil\u00e9gi\u00e9es. L&#8217;esprit de partenariat CapsAuto nous am\u00e8ne \u00e0 sceller des accords avec des soci\u00e9t\u00e9s de tout horizon, dans l&#8217;objectif d&#8217;apporter de v\u00e9ritables solutions aux prestataires<\/span><\/p>\t\t\t\t\t\t<\/div>\n\t\t\t\t<\/div>\n\t\t\t\t<div class=\"elementor-element elementor-element-6619d7f elementor-widget elementor-widget-heading\" data-id=\"6619d7f\" data-element_type=\"widget\" data-widget_type=\"heading.default\">\n\t\t\t\t<div class=\"elementor-widget-container\">\n\t\t\t<h6 class=\"elementor-heading-title elementor-size-default\">Nos solutions de partenariats peintures\n<\/h6>\t\t<\/div>\n\t\t\t\t<\/div>\n\t\t\t\t<div class=\"elementor-element elementor-element-b7098a2 elementor-widget elementor-widget-text-editor\" data-id=\"b7098a2\" data-element_type=\"widget\" data-widget_type=\"text-editor.default\">\n\t\t\t\t<div class=\"elementor-widget-container\">\n\t\t\t\t\t\t\t<p><span>C&#8217;est parce que la peinture repr\u00e9sente entre 10% et 14% d&#8217;une facture de r\u00e9paration que CapsAuto apporte une attention particuli\u00e8re \u00e0 la ma\u00eetrise de ce poste. En partenariat avec des marques de peinture telles que PPG, BASF et SINNEK, CapsAuto propose des solutions aux prestataires automobile : conditions d&#8217;achat privil\u00e9gi\u00e9es, des stages de formation pour mettre \u00e0 jour le savoir et savoir-faire des peintres et des audits<\/span><\/p>\t\t\t\t\t\t<\/div>\n\t\t\t\t<\/div>\n\t\t\t\t<div class=\"elementor-element elementor-element-c7fd6ff elementor-widget elementor-widget-heading\" data-id=\"c7fd6ff\" data-element_type=\"widget\" data-widget_type=\"heading.default\">\n\t\t\t\t<div class=\"elementor-widget-container\">\n\t\t\t<h6 class=\"elementor-heading-title elementor-size-default\">Nos solutions de partenariat en v\u00e9hicules de remplacement<\/h6>\t\t<\/div>\n\t\t\t\t<\/div>\n\t\t\t\t<div class=\"elementor-element elementor-element-4af9291 elementor-widget elementor-widget-text-editor\" data-id=\"4af9291\" data-element_type=\"widget\" data-widget_type=\"text-editor.default\">\n\t\t\t\t<div class=\"elementor-widget-container\">\n\t\t\t\t\t\t\t<p>Notre principale promesse \u00e0 nos clients est de leur proposer un v\u00e9hicule de remplacement pendant la dur\u00e9e des r\u00e9parations. Notre engagement envers les prestataires&#8230; leur apporter des offres \u00e9conomiques viables et comp\u00e9titives. C&#8217;est dans cet objectif que CapsAuto noue des partenariats avec des loueurs de v\u00e9hicules longues dur\u00e9e (Leaseway).<\/p>\t\t\t\t\t\t<\/div>\n\t\t\t\t<\/div>\n\t\t\t\t<div class=\"elementor-element elementor-element-de580af elementor-widget elementor-widget-heading\" data-id=\"de580af\" data-element_type=\"widget\" data-widget_type=\"heading.default\">\n\t\t\t\t<div class=\"elementor-widget-container\">\n\t\t\t<h6 class=\"elementor-heading-title elementor-size-default\">Nos solutions de partenariat formations<\/h6>\t\t<\/div>\n\t\t\t\t<\/div>\n\t\t\t\t<div class=\"elementor-element elementor-element-5cad7ed elementor-widget elementor-widget-text-editor\" data-id=\"5cad7ed\" data-element_type=\"widget\" data-widget_type=\"text-editor.default\">\n\t\t\t\t<div class=\"elementor-widget-container\">\n\t\t\t\t\t\t\t<p>En partenariat avec CESVI France, nous proposons aux prestataires des programmes de formations techniques abordant diff\u00e9rentes m\u00e9thodes de r\u00e9paration des v\u00e9hicules. Les modules de formations techniques sont adapt\u00e9s pour les professionnels de l&#8217;automobile et permettent d&#8217;appr\u00e9hender au mieux les m\u00e9thodes de r\u00e9parations plastiques, aluminium, d\u00e9bosselage sans peinture, diagnostic des trains roulants&#8230;<\/p>\t\t\t\t\t\t<\/div>\n\t\t\t\t<\/div>\n\t\t\t\t<div class=\"elementor-element elementor-element-a259f7e elementor-widget elementor-widget-heading\" data-id=\"a259f7e\" data-element_type=\"widget\" data-widget_type=\"heading.default\">\n\t\t\t\t<div class=\"elementor-widget-container\">\n\t\t\t<h6 class=\"elementor-heading-title elementor-size-default\">Nos solutions de partenariat d'assistance aux v\u00e9hicules<\/h6>\t\t<\/div>\n\t\t\t\t<\/div>\n\t\t\t\t<div class=\"elementor-element elementor-element-ba10b29 elementor-widget elementor-widget-text-editor\" data-id=\"ba10b29\" data-element_type=\"widget\" data-widget_type=\"text-editor.default\">\n\t\t\t\t<div class=\"elementor-widget-container\">\n\t\t\t\t\t\t\t<p>Le march\u00e9 de la r\u00e9paration automobile est en constante \u00e9volution. La mise en \u0153uvre des services que nous mettons en place en est la preuve. Aujourd&#8217;hui, ce monde de services requiert de nouvelles impulsions dans le m\u00e9tier des prestataires et CapsAuto souhaite imp\u00e9rativement accompagner son r\u00e9seau dans le d\u00e9veloppement de leur activit\u00e9. En nouant un partenariat avec MUTUAIDE ASSISTANCE, CapsAuto permet aux prestataires d&#8217;\u00e9largir leur champ d&#8217;activit\u00e9 en leur donnant l&#8217;occasion de capter plus de volume d&#8217;affaires r\u00e9paration, et ainsi de leur ouvrir une activit\u00e9 d&#8217;assistance et de d\u00e9pannage. Outre l&#8217;assistance aux v\u00e9hicules, MUTUAIDE ASSISTANCE r\u00e9alise de l&#8217;assistance habitation, de l&#8217;assistance aux personnes en d\u00e9placement et de l&#8217;assistance sant\u00e9 \u00e0 domicile.<\/p>\t\t\t\t\t\t<\/div>\n\t\t\t\t<\/div>\n\t\t\t\t\t<\/div>\n\t\t<\/div>\n\t\t\t\t\t\t\t<\/div>\n\t\t<\/section>\n\t\t\t\t<section class=\"elementor-section elementor-top-section elementor-element elementor-element-5000a97 elementor-section-full_width elementor-section-height-default elementor-section-height-default\" data-id=\"5000a97\" data-element_type=\"section\">\n\t\t\t\t\t\t<div class=\"elementor-container elementor-column-gap-no\">\n\t\t\t\t\t<div class=\"elementor-column elementor-col-100 elementor-top-column elementor-element elementor-element-4fdbc4c\" data-id=\"4fdbc4c\" data-element_type=\"column\">\n\t\t\t<div class=\"elementor-widget-wrap elementor-element-populated\">\n\t\t\t\t\t\t\t\t<div class=\"elementor-element elementor-element-ffa89fc titrecentre elementor-widget elementor-widget-heading\" data-id=\"ffa89fc\" data-element_type=\"widget\" data-widget_type=\"heading.default\">\n\t\t\t\t<div class=\"elementor-widget-container\">\n\t\t\t<h2 class=\"elementor-heading-title elementor-size-default\">Nos partenaires<\/h2>\t\t<\/div>\n\t\t\t\t<\/div>\n\t\t\t\t<div class=\"elementor-element elementor-element-b42d7c0 elementor-widget elementor-widget-stl-clients\" data-id=\"b42d7c0\" data-element_type=\"widget\" data-widget_type=\"stl-clients.default\">\n\t\t\t\t<div class=\"elementor-widget-container\">\n\t\t\t<div class=\"stl-clients clearfix anim-ex_images_bg items-6\" data-carousel=\"yes\"><div class=\"stl-carousel_wrapper\"><div id=assurena_carousel_69d16f06393bb class=\"stl-carousel pagination_circle pag_align_center\"><div class=\"stl-carousel_slick\" data-slick='{\"slidesToShow\":6,\"slidesToScroll\":1,\"infinite\":true,\"variableWidth\":false,\"autoplay\":true,\"autoplaySpeed\":\"3000\",\"speed\":300,\"arrows\":false,\"dots\":true,\"adaptiveHeight\":false,\"responsive\":[{\"breakpoint\":1140,\"settings\":{\"slidesToShow\":4,\"slidesToScroll\":1}},{\"breakpoint\":1025,\"settings\":{\"slidesToShow\":4,\"slidesToScroll\":1}},{\"breakpoint\":768,\"settings\":{\"slidesToShow\":3,\"slidesToScroll\":1}}]}'><div class=\"clients_image\"><a class=\"image_link image_wrapper\" href=\"https:\/\/www.basf.com\/fr\/fr.html\" target=\"_blank\" rel=\"\"><img class=\"main_image\" src=\"http:\/\/www.capsauto.fr\/wp-content\/uploads\/2019\/12\/basf.png\" alt=\"basf\" \/><\/a><\/div> <div class=\"clients_image\"><a class=\"image_link image_wrapper\" href=\"https:\/\/shop.berner.eu\/fr-fr\/\" target=\"_blank\" rel=\"\"><img class=\"main_image\" src=\"http:\/\/www.capsauto.fr\/wp-content\/uploads\/2021\/04\/berner.png\" alt=\"berner\" \/><\/a><\/div> <div class=\"clients_image\"><a class=\"image_link image_wrapper\" href=\"https:\/\/www.pneus-leader.com\/\" target=\"_blank\" rel=\"\"><img class=\"main_image\" src=\"http:\/\/www.capsauto.fr\/wp-content\/uploads\/2021\/04\/carleader.png\" alt=\"carleader\" \/><\/a><\/div> <div class=\"clients_image\"><a class=\"image_link image_wrapper\" href=\"https:\/\/cesvifrance.fr\/\" target=\"_blank\" rel=\"\"><img class=\"main_image\" src=\"http:\/\/www.capsauto.fr\/wp-content\/uploads\/2019\/12\/cesvi.png\" alt=\"cesvi\" \/><\/a><\/div> <div class=\"clients_image\"><a class=\"image_link image_wrapper\" href=\"http:\/\/www.cora-auto.fr\/\" target=\"_blank\" rel=\"\"><img class=\"main_image\" src=\"http:\/\/www.capsauto.fr\/wp-content\/uploads\/2021\/04\/cora.png\" alt=\"cora\" \/><\/a><\/div> <div class=\"clients_image\"><a class=\"image_link image_wrapper\" href=\"https:\/\/www.cromax.com\/fr\/fr_FR.html\" target=\"_blank\" rel=\"\"><img class=\"main_image\" src=\"http:\/\/www.capsauto.fr\/wp-content\/uploads\/2021\/04\/cromax.png\" alt=\"cromax\" \/><\/a><\/div> <div class=\"clients_image\"><a class=\"image_link image_wrapper\" href=\"https:\/\/www.ford.fr\/\" target=\"_blank\" rel=\"\"><img class=\"main_image\" src=\"http:\/\/www.capsauto.fr\/wp-content\/uploads\/2021\/04\/ford.png\" alt=\"ford\" \/><\/a><\/div> <div class=\"clients_image\"><a class=\"image_link image_wrapper\" href=\"https:\/\/www.kenteurope.com\/fr\/automotive\/\" target=\"_blank\" rel=\"\"><img class=\"main_image\" src=\"http:\/\/www.capsauto.fr\/wp-content\/uploads\/2021\/04\/kent.png\" alt=\"kent\" \/><\/a><\/div> <div class=\"clients_image\"><a class=\"image_link image_wrapper\" href=\"https:\/\/www.pilkington.com\/fr-fr\/fr\" target=\"_blank\" rel=\"\"><img class=\"main_image\" src=\"http:\/\/www.capsauto.fr\/wp-content\/uploads\/2019\/12\/pilkington.png\" alt=\"pilkington\" \/><\/a><\/div> <div class=\"clients_image\"><a class=\"image_link image_wrapper\" href=\"https:\/\/fr.ppgrefinish.com\/fr\/\" target=\"_blank\" rel=\"\"><img class=\"main_image\" src=\"http:\/\/www.capsauto.fr\/wp-content\/uploads\/2021\/04\/ppg.png\" alt=\"ppg\" \/><\/a><\/div> <div class=\"clients_image\"><a class=\"image_link image_wrapper\" href=\"https:\/\/www.sinnek.com\/fr\" target=\"_self\" rel=\"\"><img class=\"main_image\" src=\"https:\/\/www.capsauto.fr\/wp-content\/uploads\/2023\/07\/SINNEK_MARCA-01-e1751536244553.jpg\" alt=\"SINNEK_MARCA-01\" \/><\/a><\/div> <div class=\"clients_image\"><a class=\"image_link image_wrapper\" href=\"https:\/\/www.sidexa.fr\/\" target=\"_blank\" rel=\"\"><img class=\"main_image\" src=\"https:\/\/www.capsauto.fr\/wp-content\/uploads\/2022\/03\/Sidexa-1.jpg\" alt=\"Sidexa\" \/><\/a><\/div> <div class=\"clients_image\"><a class=\"image_link image_wrapper\" href=\"https:\/\/www.gpa26.com\/fr\/10004-pieces-auto?srsltid=AfmBOoq3WGL1RPBCOUNQqhF1akB3avGuoJ6CLsAu1rWFZQeG-qvmfvAp\" target=\"_self\" rel=\"\"><img class=\"main_image\" src=\"https:\/\/www.capsauto.fr\/wp-content\/uploads\/2025\/07\/Logo-GPA-26-e1768220214278.png\" alt=\"Logo GPA 26\" \/><\/a><\/div> <div class=\"clients_image\"><a class=\"image_link image_wrapper\" href=\"https:\/\/www.opisto.fr\/?srsltid=AfmBOooDkWjX58C_aE1VRK6fulSyen-rsQVVz_4gI5DPFeDZ-sBbhkoU\" target=\"_self\" rel=\"\"><img class=\"main_image\" src=\"https:\/\/www.capsauto.fr\/wp-content\/uploads\/2025\/07\/images-e1751531277792.png\" alt=\"images\" \/><\/a><\/div> <div class=\"clients_image\"><a class=\"image_link image_wrapper\" href=\"https:\/\/www.axalta.com\/fr\/fr_FR.html\" target=\"_self\" rel=\"\"><img class=\"main_image\" src=\"https:\/\/www.capsauto.fr\/wp-content\/uploads\/2025\/07\/Axalta_Coating_Systems_logo.svg_-e1751536611523.png\" alt=\"Axalta_Coating_Systems_logo.svg\" \/><\/a><\/div> <div class=\"clients_image\"><a class=\"image_link image_wrapper\" href=\"https:\/\/www.sascarrosserie.fr\/login.aspx\" target=\"_self\" rel=\"\"><img class=\"main_image\" src=\"https:\/\/www.capsauto.fr\/wp-content\/uploads\/2025\/07\/images-1-e1751535138748.png\" alt=\"images\" \/><\/a><\/div> <div class=\"clients_image\"><a class=\"image_link image_wrapper\" href=\"https:\/\/www.leaseway.fr\/\" target=\"_self\" rel=\"\"><img class=\"main_image\" src=\"https:\/\/www.capsauto.fr\/wp-content\/uploads\/2025\/07\/66687ca4-3c6c-452f-9d0c-48c50577c162_medium.jpg\" alt=\"66687ca4-3c6c-452f-9d0c-48c50577c162_medium\" \/><\/a><\/div> <div class=\"clients_image\"><a class=\"image_link image_wrapper\" href=\"https:\/\/www.groupe-lacour.fr\/\" target=\"_self\" rel=\"\"><img class=\"main_image\" src=\"https:\/\/www.capsauto.fr\/wp-content\/uploads\/2025\/07\/63d8f01e5d000048650ee747-e1751535268803.webp\" alt=\"63d8f01e5d000048650ee747\" \/><\/a><\/div> <div class=\"clients_image\"><div class=\"image_wrapper\"><img class=\"main_image\" src=\"https:\/\/www.capsauto.fr\/wp-content\/uploads\/2026\/01\/logo-CATALDI-header.jpg\" alt=\"logo-CATALDI-header\" \/><\/div><\/div> <div class=\"clients_image\"><div class=\"image_wrapper\"><img class=\"main_image\" src=\"https:\/\/www.capsauto.fr\/wp-content\/uploads\/2026\/01\/logo-jas-1-e1768220408262.png\" alt=\"logo-jas-1\" \/><\/div><\/div> <\/div><\/div><\/div><\/div>\t\t<\/div>\n\t\t\t\t<\/div>\n\t\t\t\t\t<\/div>\n\t\t<\/div>\n\t\t\t\t\t\t\t<\/div>\n\t\t<\/section>\n\t\t\t\t\t\t<\/div>\n\t\t\t\t\t<\/div>\n\t\t","protected":false},"excerpt":{"rendered":"<p>Nos partenaires CapsAuto : un apporteur de solutions au quotidien Plus qu&#8217;un apporteur d&#8217;affaires&#8230; CapsAuto se veut avant tout un v\u00e9ritable partenaire pour ses r\u00e9seaux de prestataires Depuis\u00a0plus de 10 ans, CapsAuto s&#8217;\u00e9vertue \u00e0 entretenir avec son r\u00e9seau de prestataires une v\u00e9ritable relation de partenariat. Une philosophie qui se traduit au quotidien par le d\u00e9sir [&hellip;]<\/p>\n","protected":false},"author":1,"featured_media":0,"parent":0,"menu_order":0,"comment_status":"closed","ping_status":"closed","template":"","meta":[],"_links":{"self":[{"href":"https:\/\/www.capsauto.fr\/index.php\/wp-json\/wp\/v2\/pages\/6121"}],"collection":[{"href":"https:\/\/www.capsauto.fr\/index.php\/wp-json\/wp\/v2\/pages"}],"about":[{"href":"https:\/\/www.capsauto.fr\/index.php\/wp-json\/wp\/v2\/types\/page"}],"author":[{"embeddable":true,"href":"https:\/\/www.capsauto.fr\/index.php\/wp-json\/wp\/v2\/users\/1"}],"replies":[{"embeddable":true,"href":"https:\/\/www.capsauto.fr\/index.php\/wp-json\/wp\/v2\/comments?post=6121"}],"version-history":[{"count":104,"href":"https:\/\/www.capsauto.fr\/index.php\/wp-json\/wp\/v2\/pages\/6121\/revisions"}],"predecessor-version":[{"id":7371,"href":"https:\/\/www.capsauto.fr\/index.php\/wp-json\/wp\/v2\/pages\/6121\/revisions\/7371"}],"wp:attachment":[{"href":"https:\/\/www.capsauto.fr\/index.php\/wp-json\/wp\/v2\/media?parent=6121"}],"curies":[{"name":"wp","href":"https:\/\/api.w.org\/{rel}","templated":true}]}}