{"id":6160,"date":"2021-03-31T14:40:49","date_gmt":"2021-03-31T12:40:49","guid":{"rendered":"http:\/\/dfqggnz.cluster026.hosting.ovh.net\/?page_id=6160"},"modified":"2026-02-12T10:38:16","modified_gmt":"2026-02-12T09:38:16","slug":"nos-equipes","status":"publish","type":"page","link":"https:\/\/www.capsauto.fr\/index.php\/nos-equipes\/","title":{"rendered":"Nos \u00e9quipes"},"content":{"rendered":"\t\t<div data-elementor-type=\"wp-page\" data-elementor-id=\"6160\" class=\"elementor elementor-6160\" data-elementor-settings=\"[]\">\n\t\t\t\t\t\t\t<div class=\"elementor-section-wrap\">\n\t\t\t\t\t\t\t<section class=\"elementor-section elementor-top-section elementor-element elementor-element-97ab58d elementor-section-boxed elementor-section-height-default elementor-section-height-default\" data-id=\"97ab58d\" data-element_type=\"section\" data-settings=\"{&quot;background_background&quot;:&quot;classic&quot;}\">\n\t\t\t\t\t\t\t<div class=\"elementor-background-overlay\"><\/div>\n\t\t\t\t\t\t\t<div class=\"elementor-container elementor-column-gap-no\">\n\t\t\t\t\t<div class=\"elementor-column elementor-col-16 elementor-top-column elementor-element elementor-element-fded08f\" data-id=\"fded08f\" data-element_type=\"column\">\n\t\t\t<div class=\"elementor-widget-wrap\">\n\t\t\t\t\t\t\t\t\t<\/div>\n\t\t<\/div>\n\t\t\t\t<div class=\"elementor-column elementor-col-66 elementor-top-column elementor-element elementor-element-8829eec\" data-id=\"8829eec\" data-element_type=\"column\">\n\t\t\t<div class=\"elementor-widget-wrap elementor-element-populated\">\n\t\t\t\t\t\t\t\t<div class=\"elementor-element elementor-element-1deaedb elementor-widget elementor-widget-heading\" data-id=\"1deaedb\" data-element_type=\"widget\" data-widget_type=\"heading.default\">\n\t\t\t\t<div class=\"elementor-widget-container\">\n\t\t\t<h1 class=\"elementor-heading-title elementor-size-default\">Nos \u00e9quipes<\/h1>\t\t<\/div>\n\t\t\t\t<\/div>\n\t\t\t\t\t<\/div>\n\t\t<\/div>\n\t\t\t\t<div class=\"elementor-column elementor-col-16 elementor-top-column elementor-element elementor-element-4a8462d\" data-id=\"4a8462d\" data-element_type=\"column\">\n\t\t\t<div class=\"elementor-widget-wrap\">\n\t\t\t\t\t\t\t\t\t<\/div>\n\t\t<\/div>\n\t\t\t\t\t\t\t<\/div>\n\t\t<\/section>\n\t\t\t\t<section class=\"elementor-section elementor-top-section elementor-element elementor-element-0a67ed5 elementor-section-boxed elementor-section-height-default elementor-section-height-default\" data-id=\"0a67ed5\" data-element_type=\"section\">\n\t\t\t\t\t\t<div class=\"elementor-container elementor-column-gap-default\">\n\t\t\t\t\t<div class=\"elementor-column elementor-col-100 elementor-top-column elementor-element elementor-element-a479e0b\" data-id=\"a479e0b\" data-element_type=\"column\">\n\t\t\t<div class=\"elementor-widget-wrap elementor-element-populated\">\n\t\t\t\t\t\t\t\t<div class=\"elementor-element elementor-element-eb191b2 elementor-widget elementor-widget-spacer\" data-id=\"eb191b2\" data-element_type=\"widget\" data-widget_type=\"spacer.default\">\n\t\t\t\t<div class=\"elementor-widget-container\">\n\t\t\t\t\t<div class=\"elementor-spacer\">\n\t\t\t<div class=\"elementor-spacer-inner\"><\/div>\n\t\t<\/div>\n\t\t\t\t<\/div>\n\t\t\t\t<\/div>\n\t\t\t\t<div class=\"elementor-element elementor-element-2f11c33 elementor-widget elementor-widget-text-editor\" data-id=\"2f11c33\" data-element_type=\"widget\" data-widget_type=\"text-editor.default\">\n\t\t\t\t<div class=\"elementor-widget-container\">\n\t\t\t\t\t\t\t<p><strong>Chez CapsAuto, nous avons pour mission d&#8217;\u00eatre le partenaire du quotidien pour continuer sa vie sereinement et en mobilit\u00e9 apr\u00e8s un sinistre auto. Pour y r\u00e9pondre, nous nous appuyons sur nos \u00e9quipes !<\/strong><\/p>\t\t\t\t\t\t<\/div>\n\t\t\t\t<\/div>\n\t\t\t\t\t<\/div>\n\t\t<\/div>\n\t\t\t\t\t\t\t<\/div>\n\t\t<\/section>\n\t\t\t\t<section class=\"elementor-section elementor-top-section elementor-element elementor-element-1c3d302 elementor-section-content-middle elementor-section-boxed elementor-section-height-default elementor-section-height-default\" data-id=\"1c3d302\" data-element_type=\"section\" id=\"get-started\">\n\t\t\t\t\t\t<div class=\"elementor-container elementor-column-gap-wider\">\n\t\t\t\t\t<div class=\"elementor-column elementor-col-50 elementor-top-column elementor-element elementor-element-826c5a4\" data-id=\"826c5a4\" data-element_type=\"column\">\n\t\t\t<div class=\"elementor-widget-wrap elementor-element-populated\">\n\t\t\t\t\t\t\t\t<div class=\"elementor-element elementor-element-f5e44e5 elementor-widget elementor-widget-image\" data-id=\"f5e44e5\" data-element_type=\"widget\" data-widget_type=\"image.default\">\n\t\t\t\t<div class=\"elementor-widget-container\">\n\t\t\t\t\t\t\t\t\t\t\t\t\t\t\t<img width=\"975\" height=\"800\" src=\"https:\/\/www.capsauto.fr\/wp-content\/uploads\/2021\/04\/formation.jpg\" class=\"attachment-full size-full\" alt=\"formation\" loading=\"lazy\" srcset=\"https:\/\/www.capsauto.fr\/wp-content\/uploads\/2021\/04\/formation.jpg 975w, https:\/\/www.capsauto.fr\/wp-content\/uploads\/2021\/04\/formation-300x246.jpg 300w, https:\/\/www.capsauto.fr\/wp-content\/uploads\/2021\/04\/formation-768x630.jpg 768w\" sizes=\"(max-width: 975px) 100vw, 975px\" \/>\t\t\t\t\t\t\t\t\t\t\t\t\t\t\t<\/div>\n\t\t\t\t<\/div>\n\t\t\t\t\t<\/div>\n\t\t<\/div>\n\t\t\t\t<div class=\"elementor-column elementor-col-50 elementor-top-column elementor-element elementor-element-66d46d3\" data-id=\"66d46d3\" data-element_type=\"column\">\n\t\t\t<div class=\"elementor-widget-wrap elementor-element-populated\">\n\t\t\t\t\t\t\t\t<div class=\"elementor-element elementor-element-799337a elementor-widget elementor-widget-text-editor\" data-id=\"799337a\" data-element_type=\"widget\" data-widget_type=\"text-editor.default\">\n\t\t\t\t<div class=\"elementor-widget-container\">\n\t\t\t\t\t\t\t<p><strong>Service D\u00e9veloppement Clients<\/strong><span><\/span><\/p><p>Ce service d\u00e9veloppe une relation commerciale personnalis\u00e9e avec les clients ou prospects Assureurs, Courtiers et Flottes&#8230; Anim\u00e9 par une d\u00e9marche proactive vis-\u00e0-vis de ses clients, il d\u00e9veloppe le chiffre d\u2019affaires et propose des services automobiles sur-mesure et adapt\u00e9s en s\u2019appuyant sur l\u2019ensemble de nos expertises.<\/p><p><strong>Service R\u00e9seaux et Partenariats<\/strong><span><\/span><\/p><p>Il recrute et anime des prestataires automobiles sur toute la France. Il les forme aux normes et aux services de la charte d\u00e9finie par CapsAuto. Chaque prestataire automobile, s\u2019il souhaite int\u00e9grer le r\u00e9seau CapsAuto doit signer une charte Qualit\u00e9 et une convention d\u2019engagement. Le client de nos clients doit toujours b\u00e9n\u00e9ficier d\u2019un traitement d\u2019exception. Toute la chaine de valeur d\u00e9pend de la qualit\u00e9 de notre r\u00e9seau.<\/p>\t\t\t\t\t\t<\/div>\n\t\t\t\t<\/div>\n\t\t\t\t\t<\/div>\n\t\t<\/div>\n\t\t\t\t\t\t\t<\/div>\n\t\t<\/section>\n\t\t\t\t<section class=\"elementor-section elementor-top-section elementor-element elementor-element-9d85555 elementor-section-content-middle elementor-section-boxed elementor-section-height-default elementor-section-height-default\" data-id=\"9d85555\" data-element_type=\"section\">\n\t\t\t\t\t\t<div class=\"elementor-container elementor-column-gap-wider\">\n\t\t\t\t\t<div class=\"elementor-column elementor-col-100 elementor-top-column elementor-element elementor-element-93d6cb1\" data-id=\"93d6cb1\" data-element_type=\"column\">\n\t\t\t<div class=\"elementor-widget-wrap elementor-element-populated\">\n\t\t\t\t\t\t\t\t<div class=\"elementor-element elementor-element-3b850ca elementor-widget elementor-widget-heading\" data-id=\"3b850ca\" data-element_type=\"widget\" data-widget_type=\"heading.default\">\n\t\t\t\t<div class=\"elementor-widget-container\">\n\t\t\t<h3 class=\"elementor-heading-title elementor-size-default\">\u00ab Une soci\u00e9t\u00e9 orient\u00e9e Service au client et service au R\u00e9parateur \u00bb<\/h3>\t\t<\/div>\n\t\t\t\t<\/div>\n\t\t\t\t<div class=\"elementor-element elementor-element-2b7ea37 elementor-widget-divider--view-line elementor-widget elementor-widget-divider\" data-id=\"2b7ea37\" data-element_type=\"widget\" data-widget_type=\"divider.default\">\n\t\t\t\t<div class=\"elementor-widget-container\">\n\t\t\t\t\t<div class=\"elementor-divider\">\n\t\t\t<span class=\"elementor-divider-separator\">\n\t\t\t\t\t\t<\/span>\n\t\t<\/div>\n\t\t\t\t<\/div>\n\t\t\t\t<\/div>\n\t\t\t\t<div class=\"elementor-element elementor-element-54e35d2 elementor-widget elementor-widget-text-editor\" data-id=\"54e35d2\" data-element_type=\"widget\" data-widget_type=\"text-editor.default\">\n\t\t\t\t<div class=\"elementor-widget-container\">\n\t\t\t\t\t\t\t<p>Constitu\u00e9e de collaborateurs dot\u00e9s d&#8217;un sens de la relation et d&#8217;une \u00e9coute active, <strong>nos \u00e9quipes du centre de relation clients<\/strong> sont en contact 6j\/7 avec les assur\u00e9s afin de les accompagner tout au long de la gestion de leur sinistre automobile et leur proposer des solutions simples et adapt\u00e9es \u00e0 leur besoin.\u00a0<\/p><p><strong>Les \u00e9quipes de la Facturation<span>\u00a0<\/span><\/strong>r\u00e9ceptionnent, contr\u00f4lent et organisent l\u2019ensemble des documents administratifs (devis, factures, rapports d\u2019expertises\u2026). Ils sont charg\u00e9s de veiller \u00e0 la bonne conformit\u00e9 des factures de r\u00e9parations avec les rapports d\u2019expertises, de compiler l\u2019ensemble des \u00e9l\u00e9ments d\u2019un dossier (contrat de pr\u00eat du v\u00e9hicule, contr\u00f4le qualit\u00e9, \u2026).<\/p><p><strong>Le P\u00f4le Qualit\u00e9 :<\/strong><span>\u00a0<\/span>Parce que la qualit\u00e9 est la pierre angulaire de notre organisation, nous avons d\u00e9velopp\u00e9 des indicateurs de mesure qui permettent d\u2019alerter rapidement nos \u00e9quipes lorsque le processus se grippe. Le P\u00f4le Qualit\u00e9 intervient au plus vite pour solutionner au mieux des int\u00e9r\u00eats du client final et de l\u2019assureur (ou du gestionnaire de flotte) les dysfonctionnements li\u00e9s \u00e0 la prestation de service et\/ou de r\u00e9parations.<\/p><p>Pour nous entourer de collaborateurs performants, les <strong>ressources humaines<\/strong> se chargent du recrutement de nos talents. Elles veillent \u00e9galement \u00e0 assurer un environnement de travail sain et de qualit\u00e9.\u00a0<\/p>\t\t\t\t\t\t<\/div>\n\t\t\t\t<\/div>\n\t\t\t\t<div class=\"elementor-element elementor-element-b6db45b elementor-widget elementor-widget-heading\" data-id=\"b6db45b\" data-element_type=\"widget\" data-widget_type=\"heading.default\">\n\t\t\t\t<div class=\"elementor-widget-container\">\n\t\t\t<h6 class=\"elementor-heading-title elementor-size-default\">Nos valeurs<\/h6>\t\t<\/div>\n\t\t\t\t<\/div>\n\t\t\t\t<div class=\"elementor-element elementor-element-86cbe8c elementor-widget elementor-widget-text-editor\" data-id=\"86cbe8c\" data-element_type=\"widget\" data-widget_type=\"text-editor.default\">\n\t\t\t\t<div class=\"elementor-widget-container\">\n\t\t\t\t\t\t\t<p>La r\u00e9ussite de CapsAuto s\u2019appuie sur la participation des hommes et des femmes qui la composent et sur notre esprit de service, EspritCaps, fond\u00e9 sur un ensemble de valeurs, d\u2019engagements et d\u2019attitudes cl\u00e9s partag\u00e9s par les collaborateurs :\u00a0<strong>attentionn\u00e9, engag\u00e9 et efficace<\/strong>. Ce sont des \u00e9l\u00e9ments d\u00e9cisifs pour construire une relation de qualit\u00e9 durable et satisfaire nos clients.<\/p><p>En mati\u00e8re de responsabilit\u00e9 environnementale et soci\u00e9tale, CapsAuto favorise la d\u00e9mat\u00e9rialisation des \u00e9changes \u00e0 travers le d\u00e9veloppement d\u2019outils informatiques d\u00e9di\u00e9s et personnalis\u00e9s \u00e0 destination de ses clients et de ses prestataires automobiles. En compl\u00e9ment de la rapidit\u00e9 et la flexibilit\u00e9 qu\u2019elles procurent, les solutions technologiques de CapsAuto contribuent aux politiques \u00e9cologiques de ses partenaires en mati\u00e8re d\u2019\u00e9conomie de papier.<br \/>Par ailleurs, la flotte de v\u00e9hicules des collaborateurs CapsAuto s\u2019oriente vers un pool \u00e0 100% \u00e9co !<\/p>\t\t\t\t\t\t<\/div>\n\t\t\t\t<\/div>\n\t\t\t\t<div class=\"elementor-element elementor-element-dc5df4e elementor-widget elementor-widget-heading\" data-id=\"dc5df4e\" data-element_type=\"widget\" data-widget_type=\"heading.default\">\n\t\t\t\t<div class=\"elementor-widget-container\">\n\t\t\t<h1 class=\"elementor-heading-title elementor-size-medium\">Notre engagement pour l'\u00e9galit\u00e9 femme-homme<\/h1>\t\t<\/div>\n\t\t\t\t<\/div>\n\t\t\t\t<div class=\"elementor-element elementor-element-b405cf1 elementor-widget elementor-widget-text-editor\" data-id=\"b405cf1\" data-element_type=\"widget\" data-widget_type=\"text-editor.default\">\n\t\t\t\t<div class=\"elementor-widget-container\">\n\t\t\t\t\t\t\t<p><strong>CapsAuto s\u2019engage comme employeur responsable et \u0153uvre pour l\u2019\u00e9galit\u00e9 femmes-hommes.<\/strong><\/p><p>Pour l\u2019ann\u00e9e 2026, CapsAuto obtient la note de 96\/100 \u00e0 l\u2019Index Egalit\u00e9 femmes-hommes !<br \/>Cet index prend en compte 4 crit\u00e8res, calcul\u00e9s sur 100 points :<\/p><ul><li>Ecart de r\u00e9mun\u00e9ration entre les femmes et les hommes : 36\/40<\/li><li>Ecart d&#8217;augmentations individuelles : 35\/35<\/li><li>Pourcentage de salari\u00e9s augment\u00e9s au retour d&#8217;un cong\u00e9 maternit\u00e9 : 15\/15<\/li><li>Nombre de salari\u00e9s du sexe sous-repr\u00e9sent\u00e9 parmi les 10 plus hautes r\u00e9mun\u00e9rations : 10\/10<\/li><\/ul><p>\u00a0<\/p>\t\t\t\t\t\t<\/div>\n\t\t\t\t<\/div>\n\t\t\t\t<div class=\"elementor-element elementor-element-351c5df elementor-widget elementor-widget-text-editor\" data-id=\"351c5df\" data-element_type=\"widget\" data-widget_type=\"text-editor.default\">\n\t\t\t\t<div class=\"elementor-widget-container\">\n\t\t\t\t\t\t\t<p><strong>Et si on travaillait ensemble ?<\/strong><\/p>\t\t\t\t\t\t<\/div>\n\t\t\t\t<\/div>\n\t\t\t\t<div class=\"elementor-element elementor-element-74aa204 elementor-widget elementor-widget-text-editor\" data-id=\"74aa204\" data-element_type=\"widget\" data-widget_type=\"text-editor.default\">\n\t\t\t\t<div class=\"elementor-widget-container\">\n\t\t\t\t\t\t\t<p><strong>3 bonnes raisons de nous rejoindre<\/strong><\/p>\t\t\t\t\t\t<\/div>\n\t\t\t\t<\/div>\n\t\t\t\t<section class=\"elementor-section elementor-inner-section elementor-element elementor-element-9c6c921 elementor-section-boxed elementor-section-height-default elementor-section-height-default\" data-id=\"9c6c921\" data-element_type=\"section\">\n\t\t\t\t\t\t<div class=\"elementor-container elementor-column-gap-default\">\n\t\t\t\t\t<div class=\"elementor-column elementor-col-33 elementor-inner-column elementor-element elementor-element-259dac7\" data-id=\"259dac7\" data-element_type=\"column\" data-settings=\"{&quot;background_background&quot;:&quot;slideshow&quot;,&quot;background_slideshow_gallery&quot;:[],&quot;background_slideshow_loop&quot;:&quot;yes&quot;,&quot;background_slideshow_slide_duration&quot;:5000,&quot;background_slideshow_slide_transition&quot;:&quot;fade&quot;,&quot;background_slideshow_transition_duration&quot;:500}\">\n\t\t\t<div class=\"elementor-widget-wrap elementor-element-populated\">\n\t\t\t\t\t\t\t\t<div class=\"elementor-element elementor-element-c7af9c3 elementor-view-default elementor-widget elementor-widget-icon\" data-id=\"c7af9c3\" data-element_type=\"widget\" data-widget_type=\"icon.default\">\n\t\t\t\t<div class=\"elementor-widget-container\">\n\t\t\t\t\t<div class=\"elementor-icon-wrapper\">\n\t\t\t<div class=\"elementor-icon\">\n\t\t\t<i aria-hidden=\"true\" class=\"far fa-thumbs-up\"><\/i>\t\t\t<\/div>\n\t\t<\/div>\n\t\t\t\t<\/div>\n\t\t\t\t<\/div>\n\t\t\t\t<div class=\"elementor-element elementor-element-bf49113 elementor-widget elementor-widget-text-editor\" data-id=\"bf49113\" data-element_type=\"widget\" data-widget_type=\"text-editor.default\">\n\t\t\t\t<div class=\"elementor-widget-container\">\n\t\t\t\t\t\t\t<p><strong>Int\u00e9grer des \u00e9quipes jeunes et motiv\u00e9es<\/strong><\/p>\t\t\t\t\t\t<\/div>\n\t\t\t\t<\/div>\n\t\t\t\t\t<\/div>\n\t\t<\/div>\n\t\t\t\t<div class=\"elementor-column elementor-col-33 elementor-inner-column elementor-element elementor-element-fee0c8b\" data-id=\"fee0c8b\" data-element_type=\"column\" data-settings=\"{&quot;background_background&quot;:&quot;classic&quot;}\">\n\t\t\t<div class=\"elementor-widget-wrap elementor-element-populated\">\n\t\t\t\t\t\t\t\t<div class=\"elementor-element elementor-element-9b5e384 elementor-view-default elementor-widget elementor-widget-icon\" data-id=\"9b5e384\" data-element_type=\"widget\" data-widget_type=\"icon.default\">\n\t\t\t\t<div class=\"elementor-widget-container\">\n\t\t\t\t\t<div class=\"elementor-icon-wrapper\">\n\t\t\t<div class=\"elementor-icon\">\n\t\t\t<i aria-hidden=\"true\" class=\"far fa-lightbulb\"><\/i>\t\t\t<\/div>\n\t\t<\/div>\n\t\t\t\t<\/div>\n\t\t\t\t<\/div>\n\t\t\t\t<div class=\"elementor-element elementor-element-035cebf elementor-widget elementor-widget-text-editor\" data-id=\"035cebf\" data-element_type=\"widget\" data-widget_type=\"text-editor.default\">\n\t\t\t\t<div class=\"elementor-widget-container\">\n\t\t\t\t\t\t\t<p><strong>Participer \u00e0 des projets innovants au sein d&#8217;une entreprise en croissance<\/strong><\/p>\t\t\t\t\t\t<\/div>\n\t\t\t\t<\/div>\n\t\t\t\t\t<\/div>\n\t\t<\/div>\n\t\t\t\t<div class=\"elementor-column elementor-col-33 elementor-inner-column elementor-element elementor-element-47527bf\" data-id=\"47527bf\" data-element_type=\"column\" data-settings=\"{&quot;background_background&quot;:&quot;classic&quot;}\">\n\t\t\t<div class=\"elementor-widget-wrap elementor-element-populated\">\n\t\t\t\t\t\t\t\t<div class=\"elementor-element elementor-element-16911cd elementor-view-default elementor-widget elementor-widget-icon\" data-id=\"16911cd\" data-element_type=\"widget\" data-widget_type=\"icon.default\">\n\t\t\t\t<div class=\"elementor-widget-container\">\n\t\t\t\t\t<div class=\"elementor-icon-wrapper\">\n\t\t\t<div class=\"elementor-icon\">\n\t\t\t<i aria-hidden=\"true\" class=\"far fa-heart\"><\/i>\t\t\t<\/div>\n\t\t<\/div>\n\t\t\t\t<\/div>\n\t\t\t\t<\/div>\n\t\t\t\t<div class=\"elementor-element elementor-element-573791c elementor-widget elementor-widget-text-editor\" data-id=\"573791c\" data-element_type=\"widget\" data-widget_type=\"text-editor.default\">\n\t\t\t\t<div class=\"elementor-widget-container\">\n\t\t\t\t\t\t\t<p><strong>Faire partie une entreprise responsable,&nbsp;<\/strong><strong style=\"font-size: 16px;\">humaine, avec des valeurs<\/strong><\/p>\t\t\t\t\t\t<\/div>\n\t\t\t\t<\/div>\n\t\t\t\t\t<\/div>\n\t\t<\/div>\n\t\t\t\t\t\t\t<\/div>\n\t\t<\/section>\n\t\t\t\t<section class=\"elementor-section elementor-inner-section elementor-element elementor-element-0e88246 elementor-section-boxed elementor-section-height-default elementor-section-height-default\" data-id=\"0e88246\" data-element_type=\"section\">\n\t\t\t\t\t\t<div class=\"elementor-container elementor-column-gap-default\">\n\t\t\t\t\t<div class=\"elementor-column elementor-col-100 elementor-inner-column elementor-element elementor-element-028cbeb\" data-id=\"028cbeb\" data-element_type=\"column\">\n\t\t\t<div class=\"elementor-widget-wrap elementor-element-populated\">\n\t\t\t\t\t\t\t\t<div class=\"elementor-element elementor-element-f6ab5a5 elementor-widget__width-auto elementor-widget elementor-widget-stl-button\" data-id=\"f6ab5a5\" data-element_type=\"widget\" data-widget_type=\"stl-button.default\">\n\t\t\t\t<div class=\"elementor-widget-container\">\n\t\t\t\t\t<div class=\"elementor-button-wrapper elementor-button-icon\">\n\t\t\t<a href=\"http:\/\/offres.groupama-gan-recrute.com\/offre-de-emploi\/liste-toutes-offres.aspx#ancrecontenu\" class=\"elementor-button-link stl-button elementor-button button-size-lg\" target=\"_blank\" role=\"button\">\t\t\t\t<div class=\"button-content-wrapper \">\n\t\t\t\t\t\t\t\t\t\t<span class=\"elementor-button-text\">Nos offres en cours<\/span>\n\t\t\t\t<\/div>\n\t\t\t\t<\/a>\n\t\t<\/div>\n\t\t\t\t<\/div>\n\t\t\t\t<\/div>\n\t\t\t\t\t<\/div>\n\t\t<\/div>\n\t\t\t\t\t\t\t<\/div>\n\t\t<\/section>\n\t\t\t\t<div class=\"elementor-element elementor-element-38cdb98 elementor-widget elementor-widget-text-editor\" data-id=\"38cdb98\" data-element_type=\"widget\" data-widget_type=\"text-editor.default\">\n\t\t\t\t<div class=\"elementor-widget-container\">\n\t\t\t\t\t\t\t<p>Lorsque vous acc\u00e9derez \u00e0 la page Groupama-Gan-recrute,<br \/>saisissez CapsAuto dans les mots cl\u00e9s afin de consulter nos derni\u00e8res offres.<\/p>\t\t\t\t\t\t<\/div>\n\t\t\t\t<\/div>\n\t\t\t\t<section class=\"elementor-section elementor-inner-section elementor-element elementor-element-75b526a elementor-section-boxed elementor-section-height-default elementor-section-height-default\" data-id=\"75b526a\" data-element_type=\"section\">\n\t\t\t\t\t\t<div class=\"elementor-container elementor-column-gap-default\">\n\t\t\t\t\t<div class=\"elementor-column elementor-col-100 elementor-inner-column elementor-element elementor-element-96f0b61\" data-id=\"96f0b61\" data-element_type=\"column\">\n\t\t\t<div class=\"elementor-widget-wrap elementor-element-populated\">\n\t\t\t\t\t\t\t\t<div class=\"elementor-element elementor-element-e2c84cd elementor-widget__width-auto elementor-align-center elementor-widget elementor-widget-stl-button\" data-id=\"e2c84cd\" data-element_type=\"widget\" data-widget_type=\"stl-button.default\">\n\t\t\t\t<div class=\"elementor-widget-container\">\n\t\t\t\t\t<div class=\"elementor-button-wrapper elementor-button-icon\">\n\t\t\t<a href=\"mailto:rh@capsauto.fr\" class=\"elementor-button-link stl-button elementor-button button-size-lg\" role=\"button\">\t\t\t\t<div class=\"button-content-wrapper \">\n\t\t\t\t\t\t\t\t\t\t<span class=\"elementor-button-text\">Candidature spontan\u00e9e<\/span>\n\t\t\t\t<\/div>\n\t\t\t\t<\/a>\n\t\t<\/div>\n\t\t\t\t<\/div>\n\t\t\t\t<\/div>\n\t\t\t\t\t<\/div>\n\t\t<\/div>\n\t\t\t\t\t\t\t<\/div>\n\t\t<\/section>\n\t\t\t\t\t<\/div>\n\t\t<\/div>\n\t\t\t\t\t\t\t<\/div>\n\t\t<\/section>\n\t\t\t\t\t\t<\/div>\n\t\t\t\t\t<\/div>\n\t\t","protected":false},"excerpt":{"rendered":"<p>Nos \u00e9quipes Chez CapsAuto, nous avons pour mission d&#8217;\u00eatre le partenaire du quotidien pour continuer sa vie sereinement et en mobilit\u00e9 apr\u00e8s un sinistre auto. Pour y r\u00e9pondre, nous nous appuyons sur nos \u00e9quipes ! Service D\u00e9veloppement Clients Ce service d\u00e9veloppe une relation commerciale personnalis\u00e9e avec les clients ou prospects Assureurs, Courtiers et Flottes&#8230; Anim\u00e9 [&hellip;]<\/p>\n","protected":false},"author":1,"featured_media":0,"parent":0,"menu_order":0,"comment_status":"closed","ping_status":"closed","template":"","meta":[],"_links":{"self":[{"href":"https:\/\/www.capsauto.fr\/index.php\/wp-json\/wp\/v2\/pages\/6160"}],"collection":[{"href":"https:\/\/www.capsauto.fr\/index.php\/wp-json\/wp\/v2\/pages"}],"about":[{"href":"https:\/\/www.capsauto.fr\/index.php\/wp-json\/wp\/v2\/types\/page"}],"author":[{"embeddable":true,"href":"https:\/\/www.capsauto.fr\/index.php\/wp-json\/wp\/v2\/users\/1"}],"replies":[{"embeddable":true,"href":"https:\/\/www.capsauto.fr\/index.php\/wp-json\/wp\/v2\/comments?post=6160"}],"version-history":[{"count":130,"href":"https:\/\/www.capsauto.fr\/index.php\/wp-json\/wp\/v2\/pages\/6160\/revisions"}],"predecessor-version":[{"id":7382,"href":"https:\/\/www.capsauto.fr\/index.php\/wp-json\/wp\/v2\/pages\/6160\/revisions\/7382"}],"wp:attachment":[{"href":"https:\/\/www.capsauto.fr\/index.php\/wp-json\/wp\/v2\/media?parent=6160"}],"curies":[{"name":"wp","href":"https:\/\/api.w.org\/{rel}","templated":true}]}}